{"id":181,"date":"2017-09-12T14:26:51","date_gmt":"2017-09-12T12:26:51","guid":{"rendered":"https:\/\/www.dansometre.ch\/?page_id=181"},"modified":"2017-09-12T14:26:51","modified_gmt":"2017-09-12T12:26:51","slug":"permanent-resident","status":"publish","type":"page","link":"https:\/\/www.dansometre.ch\/en\/permanent-resident\/","title":{"rendered":"Permanent resident"},"content":{"rendered":"<h2>Prototype Status_cie Jasmine Morand<\/h2>\n<h3>\u00ab Une cr\u00e9ation artistique ? Au minimum, une formule innovatrice.<br \/>\nId\u00e9alement, un prototype en soi. \u00a0\u00bb<\/h3>\n<h3>Jasmine Morand<\/h3>\n<p>&nbsp;<\/p>\n<p>Sous l\u2019impulsion de Jasmine Morand, le Service culturel de la Ville de Vevey met en place en 2010 le premier espace du Dansometre, afin que sa compagnie Prototype Status puisse b\u00e9n\u00e9ficier d\u2019un espace de r\u00e9p\u00e9tition. En \u00e9change, la gestion du lieu lui est confi\u00e9e et quand la compagnie n\u2019y travaille pas, elle a pour mission d\u2019inviter d\u2019autres artistes en r\u00e9sidence.<\/p>\n<p>Depuis 2016, Prototype Status b\u00e9n\u00e9ficie d\u2019une convention tripartite avec l\u2019\u00c9tat de Vaud et la Ville de Vevey, laquelle inclut \u00e9galement la direction et r\u00e9sidence du nouveau Dansom\u00e8tre, espace de cr\u00e9ation chor\u00e9graphique \u00e0 Vevey.<\/p>\n<p>Laur\u00e9ate du Prix Danse 2013 de la Fondation Vaudoise pour la Culture, Jasmine Morand est la directrice artistique et chor\u00e9graphe de Prototype Status, compagnie de danse contemporaine bas\u00e9e \u00e0 Vevey en Suisse. Ses cr\u00e9ations ont tourn\u00e9 \u00e0 ce jour dans plus de dix pays, entre l\u2019Europe, les \u00c9tats Unis et l\u2019Am\u00e9rique du Sud. Sa recherche chor\u00e9graphique n\u2019h\u00e9site pas \u00e0 s\u2019allier \u00e0 de nouvelles technologies et aux arts visuels pour tisser une \u0153uvre hybride et innovante. Une direction que Prototype Status explore depuis plusieurs ann\u00e9es, et plus particuli\u00e8rement depuis Underground, une installation performative cr\u00e9\u00e9e pour le Festival Images 2012, biennale internationale des arts visuels de Vevey. Visant autant une d\u00e9mocratisation de la danse contemporaine qu\u2019une recherche pointue et cons\u00e9quente du langage corporel, l\u2019engagement artistique de la compagnie pr\u00e9sente un \u00e9quilibre fin et singulier entre le conceptuel et l\u2019esth\u00e9tique. Le geste y est pens\u00e9 dans toute sa profondeur \u00e9motionnelle, mais aussi dans l\u2019intelligibilit\u00e9 d\u2019un discours.<\/p>\n<p>N\u00e9e en 1977 \u00e0 Zurich, Jasmine Morand termine sa formation classique \u00e0 Gen\u00e8ve et \u00e0 l\u2019Acad\u00e9mie Princesse Gr\u00e2ce de Monaco, apr\u00e8s avoir remport\u00e9 le premier prix au Concours National Suisse de danse classique \u00e0 Soleure et de danse moderne \u00e0 Nyon. Elle d\u00e9bute sa carri\u00e8re de danseuse au Ballet National de Nancy et Lorraine, avant de re- joindre l\u2019Op\u00e9ra de Zurich, sous la direction de Heinz Spoerli et le Ballet National de Slov\u00e9nie. En 2000, elle entreprend une formation en danse contemporaine \u00e0 Codarts, Rotterdam, o\u00f9 elle commence \u00e0 d\u00e9velopper son travail chor\u00e9graphique.<\/p>\n<p>De retour en Suisse, elle fonde la compagnie Prototype Status qui compte \u00e0 son actif plus d\u2019une douzaine de pi\u00e8ces, dont les plus remarqu\u00e9es sont Frozen, Caso &amp; Caos, S\u00e9rie B, Lui &amp; Artemis et r\u00e9cemment le solo P\u00d4LE, ainsi que le diptyque Ground(s), qui explorent l\u2019interactivit\u00e9 entre danse et nouvelles technologies. Sa derni\u00e8re cr\u00e9ation MIRE, une installation pour douze danseurs, a \u00e9t\u00e9 s\u00e9lectionn\u00e9e aux Swiss Dance Days 2017.<\/p>\n","protected":false},"excerpt":{"rendered":"<p>Prototype Status_cie Jasmine Morand \u00ab Une cr\u00e9ation artistique ? Au minimum, une formule innovatrice. Id\u00e9alement, un prototype en soi. \u00a0\u00bb Jasmine Morand &nbsp; Sous l\u2019impulsion de Jasmine Morand, le Service culturel de la Ville de Vevey met en place en 2010 le premier espace du Dansometre, afin que sa compagnie Prototype Status puisse b\u00e9n\u00e9ficier d\u2019un [&hellip;]<\/p>\n","protected":false},"author":2,"featured_media":2706,"parent":0,"menu_order":4,"comment_status":"closed","ping_status":"closed","template":"","meta":{"_acf_changed":false,"inline_featured_image":false,"footnotes":""},"class_list":["post-181","page","type-page","status-publish","has-post-thumbnail","hentry"],"acf":[],"mb":[],"yoast_head":"<!-- This site is optimized with the Yoast SEO plugin v27.3 - https:\/\/yoast.com\/product\/yoast-seo-wordpress\/ -->\n<title>Permanent resident - DANSOM\u00c8TRE - espace de cr\u00e9ation chor\u00e9graphique - VEVEY<\/title>\n<meta name=\"robots\" content=\"index, follow, max-snippet:-1, max-image-preview:large, max-video-preview:-1\" \/>\n<link rel=\"canonical\" href=\"https:\/\/www.dansometre.ch\/en\/permanent-resident\/\" \/>\n<meta property=\"og:locale\" content=\"en_US\" \/>\n<meta property=\"og:type\" content=\"article\" \/>\n<meta property=\"og:title\" content=\"Permanent resident - DANSOM\u00c8TRE - espace de cr\u00e9ation chor\u00e9graphique - VEVEY\" \/>\n<meta property=\"og:description\" content=\"Prototype Status_cie Jasmine Morand \u00ab Une cr\u00e9ation artistique ? Au minimum, une formule innovatrice. Id\u00e9alement, un prototype en soi. \u00a0\u00bb Jasmine Morand &nbsp; Sous l\u2019impulsion de Jasmine Morand, le Service culturel de la Ville de Vevey met en place en 2010 le premier espace du Dansometre, afin que sa compagnie Prototype Status puisse b\u00e9n\u00e9ficier d\u2019un [&hellip;]\" \/>\n<meta property=\"og:url\" content=\"https:\/\/www.dansometre.ch\/en\/permanent-resident\/\" \/>\n<meta property=\"og:site_name\" content=\"DANSOM\u00c8TRE - espace de cr\u00e9ation chor\u00e9graphique - VEVEY\" \/>\n<meta property=\"og:image\" content=\"https:\/\/www.dansometre.ch\/wp-content\/uploads\/ARIA_Dansometre_2.jpg\" \/>\n\t<meta property=\"og:image:width\" content=\"1440\" \/>\n\t<meta property=\"og:image:height\" content=\"1440\" \/>\n\t<meta property=\"og:image:type\" content=\"image\/jpeg\" \/>\n<meta name=\"twitter:card\" content=\"summary_large_image\" \/>\n<meta name=\"twitter:label1\" content=\"Est. reading time\" \/>\n\t<meta name=\"twitter:data1\" content=\"2 minutes\" \/>\n<script type=\"application\/ld+json\" class=\"yoast-schema-graph\">{\"@context\":\"https:\\\/\\\/schema.org\",\"@graph\":[{\"@type\":\"WebPage\",\"@id\":\"https:\\\/\\\/www.dansometre.ch\\\/en\\\/permanent-resident\\\/\",\"url\":\"https:\\\/\\\/www.dansometre.ch\\\/en\\\/permanent-resident\\\/\",\"name\":\"Permanent resident - DANSOM\u00c8TRE - espace de cr\u00e9ation chor\u00e9graphique - VEVEY\",\"isPartOf\":{\"@id\":\"https:\\\/\\\/www.dansometre.ch\\\/en\\\/#website\"},\"primaryImageOfPage\":{\"@id\":\"https:\\\/\\\/www.dansometre.ch\\\/en\\\/permanent-resident\\\/#primaryimage\"},\"image\":{\"@id\":\"https:\\\/\\\/www.dansometre.ch\\\/en\\\/permanent-resident\\\/#primaryimage\"},\"thumbnailUrl\":\"https:\\\/\\\/www.dansometre.ch\\\/wp-content\\\/uploads\\\/ARIA_Dansometre_2.jpg\",\"datePublished\":\"2017-09-12T12:26:51+00:00\",\"breadcrumb\":{\"@id\":\"https:\\\/\\\/www.dansometre.ch\\\/en\\\/permanent-resident\\\/#breadcrumb\"},\"inLanguage\":\"en-US\",\"potentialAction\":[{\"@type\":\"ReadAction\",\"target\":[\"https:\\\/\\\/www.dansometre.ch\\\/en\\\/permanent-resident\\\/\"]}]},{\"@type\":\"ImageObject\",\"inLanguage\":\"en-US\",\"@id\":\"https:\\\/\\\/www.dansometre.ch\\\/en\\\/permanent-resident\\\/#primaryimage\",\"url\":\"https:\\\/\\\/www.dansometre.ch\\\/wp-content\\\/uploads\\\/ARIA_Dansometre_2.jpg\",\"contentUrl\":\"https:\\\/\\\/www.dansometre.ch\\\/wp-content\\\/uploads\\\/ARIA_Dansometre_2.jpg\",\"width\":1440,\"height\":1440},{\"@type\":\"BreadcrumbList\",\"@id\":\"https:\\\/\\\/www.dansometre.ch\\\/en\\\/permanent-resident\\\/#breadcrumb\",\"itemListElement\":[{\"@type\":\"ListItem\",\"position\":1,\"name\":\"Accueil\",\"item\":\"https:\\\/\\\/www.dansometre.ch\\\/en\\\/\"},{\"@type\":\"ListItem\",\"position\":2,\"name\":\"Permanent resident\"}]},{\"@type\":\"WebSite\",\"@id\":\"https:\\\/\\\/www.dansometre.ch\\\/en\\\/#website\",\"url\":\"https:\\\/\\\/www.dansometre.ch\\\/en\\\/\",\"name\":\"DANSOM\u00c8TRE - espace de cr\u00e9ation chor\u00e9graphique - VEVEY\",\"description\":\"\",\"publisher\":{\"@id\":\"https:\\\/\\\/www.dansometre.ch\\\/en\\\/#organization\"},\"potentialAction\":[{\"@type\":\"SearchAction\",\"target\":{\"@type\":\"EntryPoint\",\"urlTemplate\":\"https:\\\/\\\/www.dansometre.ch\\\/en\\\/?s={search_term_string}\"},\"query-input\":{\"@type\":\"PropertyValueSpecification\",\"valueRequired\":true,\"valueName\":\"search_term_string\"}}],\"inLanguage\":\"en-US\"},{\"@type\":\"Organization\",\"@id\":\"https:\\\/\\\/www.dansometre.ch\\\/en\\\/#organization\",\"name\":\"DANSOM\u00c8TRE - espace de cr\u00e9ation chor\u00e9graphique - VEVEY\",\"url\":\"https:\\\/\\\/www.dansometre.ch\\\/en\\\/\",\"logo\":{\"@type\":\"ImageObject\",\"inLanguage\":\"en-US\",\"@id\":\"https:\\\/\\\/www.dansometre.ch\\\/en\\\/#\\\/schema\\\/logo\\\/image\\\/\",\"url\":\"https:\\\/\\\/www.dansometre.ch\\\/wp-content\\\/uploads\\\/favicon.png\",\"contentUrl\":\"https:\\\/\\\/www.dansometre.ch\\\/wp-content\\\/uploads\\\/favicon.png\",\"width\":1200,\"height\":1200,\"caption\":\"DANSOM\u00c8TRE - espace de cr\u00e9ation chor\u00e9graphique - VEVEY\"},\"image\":{\"@id\":\"https:\\\/\\\/www.dansometre.ch\\\/en\\\/#\\\/schema\\\/logo\\\/image\\\/\"}}]}<\/script>\n<!-- \/ Yoast SEO plugin. -->","yoast_head_json":{"title":"Permanent resident - DANSOM\u00c8TRE - espace de cr\u00e9ation chor\u00e9graphique - VEVEY","robots":{"index":"index","follow":"follow","max-snippet":"max-snippet:-1","max-image-preview":"max-image-preview:large","max-video-preview":"max-video-preview:-1"},"canonical":"https:\/\/www.dansometre.ch\/en\/permanent-resident\/","og_locale":"en_US","og_type":"article","og_title":"Permanent resident - DANSOM\u00c8TRE - espace de cr\u00e9ation chor\u00e9graphique - VEVEY","og_description":"Prototype Status_cie Jasmine Morand \u00ab Une cr\u00e9ation artistique ? Au minimum, une formule innovatrice. Id\u00e9alement, un prototype en soi. \u00a0\u00bb Jasmine Morand &nbsp; Sous l\u2019impulsion de Jasmine Morand, le Service culturel de la Ville de Vevey met en place en 2010 le premier espace du Dansometre, afin que sa compagnie Prototype Status puisse b\u00e9n\u00e9ficier d\u2019un [&hellip;]","og_url":"https:\/\/www.dansometre.ch\/en\/permanent-resident\/","og_site_name":"DANSOM\u00c8TRE - espace de cr\u00e9ation chor\u00e9graphique - VEVEY","og_image":[{"width":1440,"height":1440,"url":"https:\/\/www.dansometre.ch\/wp-content\/uploads\/ARIA_Dansometre_2.jpg","type":"image\/jpeg"}],"twitter_card":"summary_large_image","twitter_misc":{"Est. reading time":"2 minutes"},"schema":{"@context":"https:\/\/schema.org","@graph":[{"@type":"WebPage","@id":"https:\/\/www.dansometre.ch\/en\/permanent-resident\/","url":"https:\/\/www.dansometre.ch\/en\/permanent-resident\/","name":"Permanent resident - DANSOM\u00c8TRE - espace de cr\u00e9ation chor\u00e9graphique - VEVEY","isPartOf":{"@id":"https:\/\/www.dansometre.ch\/en\/#website"},"primaryImageOfPage":{"@id":"https:\/\/www.dansometre.ch\/en\/permanent-resident\/#primaryimage"},"image":{"@id":"https:\/\/www.dansometre.ch\/en\/permanent-resident\/#primaryimage"},"thumbnailUrl":"https:\/\/www.dansometre.ch\/wp-content\/uploads\/ARIA_Dansometre_2.jpg","datePublished":"2017-09-12T12:26:51+00:00","breadcrumb":{"@id":"https:\/\/www.dansometre.ch\/en\/permanent-resident\/#breadcrumb"},"inLanguage":"en-US","potentialAction":[{"@type":"ReadAction","target":["https:\/\/www.dansometre.ch\/en\/permanent-resident\/"]}]},{"@type":"ImageObject","inLanguage":"en-US","@id":"https:\/\/www.dansometre.ch\/en\/permanent-resident\/#primaryimage","url":"https:\/\/www.dansometre.ch\/wp-content\/uploads\/ARIA_Dansometre_2.jpg","contentUrl":"https:\/\/www.dansometre.ch\/wp-content\/uploads\/ARIA_Dansometre_2.jpg","width":1440,"height":1440},{"@type":"BreadcrumbList","@id":"https:\/\/www.dansometre.ch\/en\/permanent-resident\/#breadcrumb","itemListElement":[{"@type":"ListItem","position":1,"name":"Accueil","item":"https:\/\/www.dansometre.ch\/en\/"},{"@type":"ListItem","position":2,"name":"Permanent resident"}]},{"@type":"WebSite","@id":"https:\/\/www.dansometre.ch\/en\/#website","url":"https:\/\/www.dansometre.ch\/en\/","name":"DANSOM\u00c8TRE - espace de cr\u00e9ation chor\u00e9graphique - VEVEY","description":"","publisher":{"@id":"https:\/\/www.dansometre.ch\/en\/#organization"},"potentialAction":[{"@type":"SearchAction","target":{"@type":"EntryPoint","urlTemplate":"https:\/\/www.dansometre.ch\/en\/?s={search_term_string}"},"query-input":{"@type":"PropertyValueSpecification","valueRequired":true,"valueName":"search_term_string"}}],"inLanguage":"en-US"},{"@type":"Organization","@id":"https:\/\/www.dansometre.ch\/en\/#organization","name":"DANSOM\u00c8TRE - espace de cr\u00e9ation chor\u00e9graphique - VEVEY","url":"https:\/\/www.dansometre.ch\/en\/","logo":{"@type":"ImageObject","inLanguage":"en-US","@id":"https:\/\/www.dansometre.ch\/en\/#\/schema\/logo\/image\/","url":"https:\/\/www.dansometre.ch\/wp-content\/uploads\/favicon.png","contentUrl":"https:\/\/www.dansometre.ch\/wp-content\/uploads\/favicon.png","width":1200,"height":1200,"caption":"DANSOM\u00c8TRE - espace de cr\u00e9ation chor\u00e9graphique - VEVEY"},"image":{"@id":"https:\/\/www.dansometre.ch\/en\/#\/schema\/logo\/image\/"}}]}},"mfb_rest_fields":["title","yoast_head","yoast_head_json"],"_links":{"self":[{"href":"https:\/\/www.dansometre.ch\/en\/wp-json\/wp\/v2\/pages\/181","targetHints":{"allow":["GET"]}}],"collection":[{"href":"https:\/\/www.dansometre.ch\/en\/wp-json\/wp\/v2\/pages"}],"about":[{"href":"https:\/\/www.dansometre.ch\/en\/wp-json\/wp\/v2\/types\/page"}],"author":[{"embeddable":true,"href":"https:\/\/www.dansometre.ch\/en\/wp-json\/wp\/v2\/users\/2"}],"replies":[{"embeddable":true,"href":"https:\/\/www.dansometre.ch\/en\/wp-json\/wp\/v2\/comments?post=181"}],"version-history":[{"count":1,"href":"https:\/\/www.dansometre.ch\/en\/wp-json\/wp\/v2\/pages\/181\/revisions"}],"predecessor-version":[{"id":182,"href":"https:\/\/www.dansometre.ch\/en\/wp-json\/wp\/v2\/pages\/181\/revisions\/182"}],"wp:featuredmedia":[{"embeddable":true,"href":"https:\/\/www.dansometre.ch\/en\/wp-json\/wp\/v2\/media\/2706"}],"wp:attachment":[{"href":"https:\/\/www.dansometre.ch\/en\/wp-json\/wp\/v2\/media?parent=181"}],"curies":[{"name":"wp","href":"https:\/\/api.w.org\/{rel}","templated":true}]}}